{"id":323,"date":"2020-11-27T14:54:32","date_gmt":"2020-11-27T13:54:32","guid":{"rendered":"https:\/\/presskam.sk\/?page_id=323"},"modified":"2020-11-27T15:12:06","modified_gmt":"2020-11-27T14:12:06","slug":"hall-5","status":"publish","type":"page","link":"https:\/\/presskam.sk\/en\/hall-5\/","title":{"rendered":"Warehouse 5"},"content":{"rendered":"<h2>LOGISTIC HALL<\/h2>\r\n\r\n<div id='gallery-1' class='gallery galleryid-323 gallery-columns-3 gallery-size-thumbnail'><figure class='gallery-item'>\n\t\t\t<div class='gallery-icon landscape'>\n\t\t\t\t<a href='https:\/\/presskam.sk\/wp-content\/uploads\/2020\/09\/200828_MC_presskam_8297-scaled.jpg' title=\"\" data-rl_title=\"\" class=\"rl-gallery-link\" data-rl_caption=\"\" data-rel=\"lightbox-gallery-1\"><img loading=\"lazy\" decoding=\"async\" width=\"650\" height=\"650\" src=\"https:\/\/presskam.sk\/wp-content\/uploads\/2020\/09\/200828_MC_presskam_8297-650x650.jpg\" class=\"attachment-thumbnail size-thumbnail\" alt=\"\" srcset=\"https:\/\/presskam.sk\/wp-content\/uploads\/2020\/09\/200828_MC_presskam_8297-650x650.jpg 650w, https:\/\/presskam.sk\/wp-content\/uploads\/2020\/09\/200828_MC_presskam_8297-100x100.jpg 100w, https:\/\/presskam.sk\/wp-content\/uploads\/2020\/09\/200828_MC_presskam_8297-150x150.jpg 150w\" sizes=\"100vw\" \/><\/a>\n\t\t\t<\/div><\/figure>\n\t\t<\/div>\n\r\n\r\n<div class=\"fixed hala5 no\">\r\n<h2>Warehouse 5<\/h2> \r\n<div class=\"obsadenost\"><small><\/small> Leasable area: 0 m<sup>2<\/sup><\/div>\r\n<div class=\"cena\">Price from: 4,10 \u20ac\/month\/m<sup>2<\/sup> <\/div>\r\n<a href=\"#formular\" class=\"btn zaujem\">INQUIRE<\/a>\r\n<\/div>\r\n\r\n\r\n\r\n<ul class=\"info\">\r\n\t\t\r\n\r\n\t\r\n\r\n\t\r\n\r\n\t<li><strong>Commisionning:<\/strong> <em>december 2019<\/em><\/li>\r\n\r\n\t<li><strong>Leasable area:\t<\/strong>\t<em>2.462 m<sup>2<\/sup>   <\/em><\/li>\r\n\r\n\r\n\t\t\t\t\t\r\n\t<li><strong>Land area:<\/strong>\t\t<em>\t4.200 m<sup>2<\/sup><\/em><\/li>\r\n\r\n\t<li><strong>Rental status:\t<\/strong>\t\t<em>100% prenajat\u00e9<\/em><\/li>\r\n<li><strong>Tenant:\t<\/strong>\t\t<em>eDelia<\/em><\/li>\r\n\r\n\t<li><strong>Annual amount of operating costs:<\/strong> \t\t<em>operating costs are transferred to the tenant within the \u201cservice charges\u201d (0.90 \u20ac\/month\/m<sup>2<\/sup>), they are re-invoiced to the tenant according to actual costs (electricity, gas, water and sewage, waste disposal)\r\n\r\n\r\n<\/em>\r\n\r\n\t<\/ul>\r\n\r\n\r\n\r\n\r\n\r\n\r\n\r\n\r\n\r\n\r\n\r\n<div id=\"formular\" class=\"kontakt\"><h2>R\u00fdchly dopyt<\/h2>\r\n<div role=\"form\" class=\"wpcf7\" id=\"wpcf7-f57-o1\" lang=\"sk-SK\" dir=\"ltr\">\n<div class=\"screen-reader-response\"><p role=\"status\" aria-live=\"polite\" aria-atomic=\"true\"><\/p> <ul><\/ul><\/div>\n<form action=\"\/en\/wp-json\/wp\/v2\/pages\/323\/#wpcf7-f57-o1\" method=\"post\" class=\"wpcf7-form init\" novalidate=\"novalidate\" data-status=\"init\">\n<div style=\"display: none;\">\n<input type=\"hidden\" name=\"_wpcf7\" value=\"57\" \/>\n<input type=\"hidden\" name=\"_wpcf7_version\" value=\"5.3\" \/>\n<input type=\"hidden\" name=\"_wpcf7_locale\" value=\"sk_SK\" \/>\n<input type=\"hidden\" name=\"_wpcf7_unit_tag\" value=\"wpcf7-f57-o1\" \/>\n<input type=\"hidden\" name=\"_wpcf7_container_post\" value=\"0\" \/>\n<input type=\"hidden\" name=\"_wpcf7_posted_data_hash\" value=\"\" \/>\n<input type=\"hidden\" name=\"_wpcf7_recaptcha_response\" value=\"\" \/>\n<\/div>\n<p><label> V\u00e1\u0161 telef\u00f3n:<br \/>\n    <span class=\"wpcf7-form-control-wrap your-phone\"><input type=\"tel\" name=\"your-phone\" value=\"\" size=\"40\" class=\"wpcf7-form-control wpcf7-text wpcf7-tel wpcf7-validates-as-tel\" aria-invalid=\"false\" \/><\/span> <\/label><\/p>\n<p><label> V\u00e1\u0161 email (povinn\u00e9):<br \/>\n    <span class=\"wpcf7-form-control-wrap your-email\"><input type=\"email\" name=\"your-email\" value=\"\" size=\"40\" class=\"wpcf7-form-control wpcf7-text wpcf7-email wpcf7-validates-as-required wpcf7-validates-as-email\" aria-required=\"true\" aria-invalid=\"false\" \/><\/span> <\/label><\/p>\n<p><label> Ak\u00fd skladov\u00fd alebo v\u00fdrobn\u00fd priestor h\u013ead\u00e1te?<br \/>\n    <span class=\"wpcf7-form-control-wrap your-message\"><textarea name=\"your-message\" cols=\"40\" rows=\"10\" class=\"wpcf7-form-control wpcf7-textarea\" aria-invalid=\"false\"><\/textarea><\/span> <\/label><\/p>\n<p><input type=\"submit\" value=\"Odosla\u0165\" class=\"wpcf7-form-control wpcf7-submit\" \/><\/p>\n<div class=\"wpcf7-response-output\" aria-hidden=\"true\"><\/div><\/form><\/div><\/div>","protected":false},"excerpt":{"rendered":"LOGISTIC HALL Warehouse 5 Leasable area: 0 m2 Price from: 4,10 \u20ac\/month\/m2 INQUIRE Commisionning: december 2019 Leasable area: 2.462 m2 Land area: 4.200 m2 Rental status: 100% prenajat\u00e9 Tenant: eDelia Annual amount of operating costs: operating costs are transferred to the tenant within the \u201cservice charges\u201d (0.90 \u20ac\/month\/m2), they are re-invoiced to the tenant according","protected":false},"author":1,"featured_media":170,"parent":0,"menu_order":0,"comment_status":"closed","ping_status":"closed","template":"","meta":{"footnotes":""},"class_list":["post-323","page","type-page","status-publish","has-post-thumbnail","hentry"],"_links":{"self":[{"href":"https:\/\/presskam.sk\/en\/wp-json\/wp\/v2\/pages\/323\/"}],"collection":[{"href":"https:\/\/presskam.sk\/en\/wp-json\/wp\/v2\/pages\/"}],"about":[{"href":"https:\/\/presskam.sk\/en\/wp-json\/wp\/v2\/types\/page\/"}],"author":[{"embeddable":true,"href":"https:\/\/presskam.sk\/en\/wp-json\/wp\/v2\/users\/1\/"}],"replies":[{"embeddable":true,"href":"https:\/\/presskam.sk\/en\/wp-json\/wp\/v2\/comments\/?post=323"}],"version-history":[{"count":6,"href":"https:\/\/presskam.sk\/en\/wp-json\/wp\/v2\/pages\/323\/revisions\/"}],"predecessor-version":[{"id":335,"href":"https:\/\/presskam.sk\/en\/wp-json\/wp\/v2\/pages\/323\/revisions\/335\/"}],"wp:featuredmedia":[{"embeddable":true,"href":"https:\/\/presskam.sk\/en\/wp-json\/wp\/v2\/media\/170\/"}],"wp:attachment":[{"href":"https:\/\/presskam.sk\/en\/wp-json\/wp\/v2\/media\/?parent=323"}],"curies":[{"name":"wp","href":"https:\/\/api.w.org\/{rel}","templated":true}]}}